{"id":220,"date":"2024-02-09T03:19:52","date_gmt":"2024-02-09T03:19:52","guid":{"rendered":"https:\/\/valeriejose.com\/privacy-policy\/"},"modified":"2024-02-20T16:31:16","modified_gmt":"2024-02-20T16:31:16","slug":"politique-de-confidentialite","status":"publish","type":"page","link":"https:\/\/valeriejose.com\/fr\/politique-de-confidentialite\/","title":{"rendered":"Politique de confidentialit\u00e9"},"content":{"rendered":"<p>\u00c0 l\u2019\u00e8re du d\u00e9veloppement des nouveaux outils de communication, il est n\u00e9cessaire de porter une attention particuli\u00e8re \u00e0 la protection de la vie priv\u00e9e. Aussi, le pr\u00e9sent engagement sur la protection des renseignements confidentiels a \u00e9t\u00e9 con\u00e7u pour vous aider \u00e0 comprendre le type de renseignement que nous recueillons, la fa\u00e7on dont nous les utilisons et les mesures de s\u00e9curit\u00e9 que nous avons mises en place pour prot\u00e9ger ces renseignements et votre vie priv\u00e9e. Nous nous engageons par la pr\u00e9sente \u00e0 respecter la confidentialit\u00e9 des renseignements personnels que nous collectons.<\/p>\n<p><span style=\"text-decoration: underline;\"><strong>Consentement \u00e9crit\/tacite<\/strong><\/span><\/p>\n<p>Nous obtiendrons votre consentement avant de recueillir, d&rsquo;utiliser ou de communiquer des renseignements personnels \u00e0 quelque fin que ce soit, sauf si la loi l&rsquo;autorise ou l&rsquo;exige. Le consentement peut \u00eatre fourni verbalement ou par \u00e9crit; il peut \u00e9galement \u00eatre implicite, par exemple lorsque vous continuez \u00e0 nous fournir des renseignements personnels dans le cadre de notre relation continue ou lorsque vous fournissez vos coordonn\u00e9es personnelles \u00e0 des membres de notre \u00e9quipe\/de notre compagnie dans le cadre d\u2019une transaction et\/ou dans le cadre d\u2019une demande de renseignement et\/ou pour toute autre raison.<\/p>\n<p><em><strong>Collecte des renseignements personnels<\/strong><\/em><br \/>\nNous pourrions collecter un ou plusieurs des renseignements suivants :<\/p>\n<ul>\n<li>Nom<\/li>\n<li>Pr\u00e9nom<\/li>\n<li>Adresse postale<\/li>\n<li>Code postal<\/li>\n<li>Adresse \u00e9lectronique<\/li>\n<li>Num\u00e9ro de t\u00e9l\u00e9phone<\/li>\n<\/ul>\n<p>Les renseignements personnels que nous collectons sont recueillis au travers de formulaires et gr\u00e2ce \u00e0 l&rsquo;interactivit\u00e9 \u00e9tablie entre vous, notre site Web et nos r\u00e9seaux sociaux. Nous utilisons \u00e9galement, comme indiqu\u00e9 dans la section suivante, des fichiers t\u00e9moins et\/ou journaux pour r\u00e9unir des informations vous concernant.<\/p>\n<p><em><strong>Formulaires et interactivit\u00e9s<\/strong><\/em><br \/>\nVos renseignements personnels pourraient \u00eatre collect\u00e9s par le biais de plusieurs formulaires, exemple :<\/p>\n<ul>\n<li>Formulaire de contact<\/li>\n<li>Formulaire de demande d&rsquo;information<\/li>\n<li>Formulaire d&rsquo;\u00e9valuation immobili\u00e8re<\/li>\n<li>Formulaire d\u2019alerte immobili\u00e8re<\/li>\n<li>Formulaire de demande de visite<\/li>\n<li>Formulaire de t\u00e9moignage<\/li>\n<\/ul>\n<p><strong>Nous utilisons les renseignements ainsi collect\u00e9s pour les finalit\u00e9s suivantes :<\/strong><\/p>\n<ul>\n<li>Information<\/li>\n<li>Contact<\/li>\n<li>Relations d\u2019affaires<\/li>\n<li>Suivi-Mise \u00e0 jour<\/li>\n<li>Gestion du site Web (pr\u00e9sentation, organisation)<\/li>\n<\/ul>\n<p><strong>Vos renseignements sont \u00e9galement collect\u00e9s par le biais de l&rsquo;interactivit\u00e9 pouvant s&rsquo;\u00e9tablir entre vous, notre site Web et nos r\u00e9seaux sociaux, et ce, de la fa\u00e7on suivante :<\/strong><\/p>\n<ul>\n<li>Contact<\/li>\n<li>La navigation sur notre site web<\/li>\n<li>L&rsquo;interaction sur nos r\u00e9seaux sociaux et autres<\/li>\n<\/ul>\n<p><strong>Nous utilisons les renseignements ainsi collect\u00e9s pour les finalit\u00e9s suivantes :<\/strong><\/p>\n<ul>\n<li>Correspondance<\/li>\n<li>Information<\/li>\n<li>Suivi et prise de contact<\/li>\n<li>Gestion du site Web (pr\u00e9sentation, organisation)<\/li>\n<\/ul>\n<p><strong>Fichiers journaux et t\u00e9moins<\/strong><\/p>\n<p>Nous recueillons certaines informations par le biais de fichiers journaux (log file) et de fichiers t\u00e9moins (cookies). Il pourrait s\u2019agir d\u2019informations suivantes:<\/p>\n<ul>\n<li>Adresse IP<\/li>\n<li>Syst\u00e8me d&rsquo;exploitation<\/li>\n<li>Pages visit\u00e9es et requ\u00eates<\/li>\n<li>Heure et jour de connexion<\/li>\n<\/ul>\n<p>Le recours \u00e0 de tels fichiers nous permet :<\/p>\n<ul>\n<li>Am\u00e9lioration du service et accueil personnalis\u00e9<\/li>\n<li>Profil personnalis\u00e9 de visite<\/li>\n<li>Statistique<\/li>\n<li>Remarketing<\/li>\n<\/ul>\n<p><strong>Comment les fichiers t\u00e9moins (cookies) de tiers sont-ils utilis\u00e9s? (si applicable)<\/strong><\/p>\n<p>Veuillez noter que notre site Web contient ou pourrait contenir des liens \u00e0 d&rsquo;autres sites Web (exemples, YouTube, Facebook, Instagram, Twitter, un fournisseur de services etc.) qui peuvent recueillir des renseignements personnels vous concernant afin d\u2019optimiser votre exp\u00e9rience utilisateur.<\/p>\n<p>Val\u00e9rie Jos\u00e9 Inc. n&rsquo;assume aucune responsabilit\u00e9 quant aux pratiques, aux politiques et aux mesures adopt\u00e9es par les tiers qui exploitent ces sites Web pour prot\u00e9ger les renseignements personnels. Vous devriez lire leurs politiques sur la protection des renseignements personnels afin de pouvoir d\u00e9cider, de fa\u00e7on inform\u00e9e, si vous souhaitez fournir ou non des renseignements personnels qui vous concernent aux exploitants de ces sites.<\/p>\n<ul>\n<li>Google Analytics<\/li>\n<li>Cookie d\u2019analyse du trafic du site \u00e0 des fins d\u2019\u00e9chantillonnage.<\/li>\n<li>YouTube<\/li>\n<li>Cookie de cr\u00e9ation d\u2019un identifiant unique bas\u00e9 sur une g\u00e9olocalisation (\u00e0 partir de l\u2019adresse IP) afin de suivre la navigation, mesurer l\u2019utilisation de Youtube et le nombre de vid\u00e9os visualis\u00e9es au cours de la navigation sur diff\u00e9rents sites.<\/li>\n<li>Google DoubleClick<\/li>\n<li>Le cookie permet de fournir un service aux r\u00e9gies publicitaires et aux annonceurs pour l\u2019affichage de publicit\u00e9s et la mesure de la performance des campagnes publicitaires. Il permet \u00e9galement d\u2019afficher des publicit\u00e9s personnalis\u00e9es sur les sites Google.<\/li>\n<li>Google AdSense<\/li>\n<li>Cookie de suivi et de mesure de la performance des campagnes publicitaires.<\/li>\n<li>Facebook<\/li>\n<li>Cookie de fourniture de services publicitaires tels que les offres d\u2019ench\u00e8res en temps r\u00e9el d\u2019espace publicitaires ou pour la personnalisation de contenu et le ciblage publicitaire lors de l\u2019utilisation de Facebook.<\/li>\n<li>Cookie de partage de contenu sur le r\u00e9seau social Facebook.<\/li>\n<li>Twitter (si applicable)<\/li>\n<li>Cookie de partage de contenu sur le r\u00e9seau social X (Twitter).<\/li>\n<li>YouTube<\/li>\n<li>Cookie de visualisation de vid\u00e9os et de partage de contenu.<\/li>\n<li>Google<\/li>\n<li>Cookie de partage de contenu avec les membres de la communaut\u00e9 Google+.<\/li>\n<li>LinkedIn, Instagram (si applicable)<\/li>\n<li>Cookies de partage de contenu sur les r\u00e9seaux sociaux LinkedIn et Instagram (si applicable)<\/li>\n<\/ul>\n<p><strong>S\u00e9curit\u00e9<\/strong><\/p>\n<p>La s\u00e9curit\u00e9 de vos renseignements personnels nous tient \u00e0 c\u0153ur. Aussi, les renseignements personnels que nous collectons sont conserv\u00e9s dans un environnement s\u00e9curis\u00e9 et pourraient \u00eatre g\u00e9r\u00e9s en autre par Val\u00e9rie Jos\u00e9 et\/ou les consultants de Val\u00e9rie Jos\u00e9 Inc. et\/ou la banni\u00e8re sous laquelle travaille Val\u00e9rie Jos\u00e9 Inc. (soit l\u2019agence) et\/ou le personnel, sous-contractant de Val\u00e9rie Jos\u00e9 Inc. etc. Les personnes travaillant ou contractant avec notre compagnie sont tenues de respecter la confidentialit\u00e9 de vos informations.<\/p>\n<p>Pour assurer la s\u00e9curit\u00e9 de vos renseignements personnels, nous pourrions avoir recours \u00e0 l\u2019une ou plusieurs des mesures suivantes :<\/p>\n<ul>\n<li>Protocole SSL (Secure Sockets Layer)<\/li>\n<li>Gestion des acc\u00e8s &#8211; personne autoris\u00e9e<\/li>\n<li>Gestion des acc\u00e8s &#8211; personne concern\u00e9e<\/li>\n<li>Sauvegarde informatique<\/li>\n<li>Identifiant \/ mot de passe<\/li>\n<li>Pare-feu (Firewalls)<\/li>\n<\/ul>\n<p>Nous nous engageons \u00e0 maintenir un haut degr\u00e9 de confidentialit\u00e9 en int\u00e9grant les derni\u00e8res innovations technologiques permettant d&rsquo;assurer la confidentialit\u00e9 de vos transactions. Toutefois, comme aucun m\u00e9canisme n&rsquo;offre une s\u00e9curit\u00e9 maximale, une part de risque est toujours pr\u00e9sente lorsque l&rsquo;on utilise Internet pour transmettre des renseignements personnels.<\/p>\n<p><em><strong>L\u00e9gislation<\/strong><\/em><\/p>\n<p>Nous nous engageons \u00e0 respecter les dispositions l\u00e9gislatives \u00e9nonc\u00e9es dans la Loi sur la protection des renseignements personnels dans le secteur priv\u00e9 et\/ou toute autre loi applicable.<\/p>\n<p><em><strong>Acc\u00e8s \u00e0 vos renseignements personnels<\/strong><\/em><\/p>\n<p>Lorsque vous fournissez des renseignements personnels \u00e0 Val\u00e9rie Jos\u00e9 Inc., par l&rsquo;interm\u00e9diaire du site Web ou autrement, vous consentez \u00e0 la collecte, \u00e0 l&rsquo;utilisation et \u00e0 la communication de ces renseignements conform\u00e9ment au pr\u00e9sent engagement. Vous avez le droit de v\u00e9rifier ou de modifier les renseignements personnels que nous avons recueillis \u00e0 votre sujet. Vous pouvez \u00e9galement retirer en tout temps votre consentement \u00e0 la collecte, l&rsquo;utilisation et la communication des renseignements personnels qui vous concernent. Vous avez le droit d&rsquo;acc\u00e9der \u00e0 vos renseignements personnels mais ce droit n&rsquo;est pas absolu. Toutefois, si nous refusons votre demande d&rsquo;acc\u00e8s, nous motiverons notre refus. Si vous souhaitez acc\u00e9der aux renseignements personnels qui vous concernent, les v\u00e9rifier, les modifier ou d\u00e9poser une plainte aux termes du pr\u00e9sent engagement, veuillez faire parvenir un avis \u00e9crit \u00e0 Val\u00e9rie Jos\u00e9 \u00e0 <a href=\"mailto:info@valeriejose.com\">info@valeriejose.com<\/a> ou \u00e0 <a href=\"mailto:valeriejoseimmobilier@gmail.com\">valeriejoseimmobilier@gmail.com<\/a>.<\/p>\n<p><strong>Val\u00e9rie Jos\u00e9 Inc. se r\u00e9serve le droit de modifier le pr\u00e9sent engagement sur la protection des renseignements personnels, que vous \u00eates pri\u00e9s de consulter de fa\u00e7on r\u00e9guli\u00e8re.<\/strong><\/p>\n","protected":false},"excerpt":{"rendered":"<p>\u00c0 l\u2019\u00e8re du d\u00e9veloppement des nouveaux outils de communication, il est n\u00e9cessaire de porter une attention particuli\u00e8re \u00e0 la protection de la vie priv\u00e9e. Aussi, le pr\u00e9sent engagement sur la protection des renseignements confidentiels a \u00e9t\u00e9 con\u00e7u pour vous aider \u00e0 comprendre le type de renseignement que nous recueillons, la fa\u00e7on dont nous les utilisons [&hellip;]<\/p>\n","protected":false},"author":7,"featured_media":0,"parent":0,"menu_order":0,"comment_status":"closed","ping_status":"open","template":"","meta":{"_acf_changed":false,"inline_featured_image":false,"footnotes":""},"class_list":["post-220","page","type-page","status-publish","hentry"],"acf":[],"yoast_head":"<!-- This site is optimized with the Yoast SEO plugin v26.2 - https:\/\/yoast.com\/wordpress\/plugins\/seo\/ -->\n<title>Politique de confidentialit\u00e9 - Val\u00e9rie Jos\u00e9 - Courtier immobilier - eXp<\/title>\n<meta name=\"robots\" content=\"index, follow, max-snippet:-1, max-image-preview:large, max-video-preview:-1\" \/>\n<link rel=\"canonical\" href=\"https:\/\/valeriejose.com\/fr\/politique-de-confidentialite\/\" \/>\n<meta property=\"og:locale\" content=\"fr_FR\" \/>\n<meta property=\"og:type\" content=\"article\" \/>\n<meta property=\"og:title\" content=\"Politique de confidentialit\u00e9 - Val\u00e9rie Jos\u00e9 - Courtier immobilier - eXp\" \/>\n<meta property=\"og:description\" content=\"\u00c0 l\u2019\u00e8re du d\u00e9veloppement des nouveaux outils de communication, il est n\u00e9cessaire de porter une attention particuli\u00e8re \u00e0 la protection de la vie priv\u00e9e. Aussi, le pr\u00e9sent engagement sur la protection des renseignements confidentiels a \u00e9t\u00e9 con\u00e7u pour vous aider \u00e0 comprendre le type de renseignement que nous recueillons, la fa\u00e7on dont nous les utilisons [&hellip;]\" \/>\n<meta property=\"og:url\" content=\"https:\/\/valeriejose.com\/fr\/politique-de-confidentialite\/\" \/>\n<meta property=\"og:site_name\" content=\"Val\u00e9rie Jos\u00e9\" \/>\n<meta property=\"article:modified_time\" content=\"2024-02-20T16:31:16+00:00\" \/>\n<meta property=\"og:image\" content=\"https:\/\/valeriejose.com\/wp-content\/uploads\/2024\/02\/valerie-poster.png\" \/>\n\t<meta property=\"og:image:width\" content=\"1896\" \/>\n\t<meta property=\"og:image:height\" content=\"940\" \/>\n\t<meta property=\"og:image:type\" content=\"image\/png\" \/>\n<meta name=\"twitter:card\" content=\"summary_large_image\" \/>\n<meta name=\"twitter:label1\" content=\"Dur\u00e9e de lecture estim\u00e9e\" \/>\n\t<meta name=\"twitter:data1\" content=\"5 minutes\" \/>\n<script type=\"application\/ld+json\" class=\"yoast-schema-graph\">{\"@context\":\"https:\/\/schema.org\",\"@graph\":[{\"@type\":\"WebPage\",\"@id\":\"https:\/\/valeriejose.com\/fr\/politique-de-confidentialite\/\",\"url\":\"https:\/\/valeriejose.com\/fr\/politique-de-confidentialite\/\",\"name\":\"Politique de confidentialit\u00e9 - Val\u00e9rie Jos\u00e9 - Courtier immobilier - eXp\",\"isPartOf\":{\"@id\":\"https:\/\/valeriejose.com\/#website\"},\"datePublished\":\"2024-02-09T03:19:52+00:00\",\"dateModified\":\"2024-02-20T16:31:16+00:00\",\"inLanguage\":\"fr-FR\",\"potentialAction\":[{\"@type\":\"ReadAction\",\"target\":[\"https:\/\/valeriejose.com\/fr\/politique-de-confidentialite\/\"]}]},{\"@type\":\"WebSite\",\"@id\":\"https:\/\/valeriejose.com\/#website\",\"url\":\"https:\/\/valeriejose.com\/\",\"name\":\"Val\u00e9rie Jos\u00e9\",\"description\":\"Courtier immobilier - eXp\",\"potentialAction\":[{\"@type\":\"SearchAction\",\"target\":{\"@type\":\"EntryPoint\",\"urlTemplate\":\"https:\/\/valeriejose.com\/?s={search_term_string}\"},\"query-input\":{\"@type\":\"PropertyValueSpecification\",\"valueRequired\":true,\"valueName\":\"search_term_string\"}}],\"inLanguage\":\"fr-FR\"}]}<\/script>\n<!-- \/ Yoast SEO plugin. -->","yoast_head_json":{"title":"Politique de confidentialit\u00e9 - Val\u00e9rie Jos\u00e9 - Courtier immobilier - eXp","robots":{"index":"index","follow":"follow","max-snippet":"max-snippet:-1","max-image-preview":"max-image-preview:large","max-video-preview":"max-video-preview:-1"},"canonical":"https:\/\/valeriejose.com\/fr\/politique-de-confidentialite\/","og_locale":"fr_FR","og_type":"article","og_title":"Politique de confidentialit\u00e9 - Val\u00e9rie Jos\u00e9 - Courtier immobilier - eXp","og_description":"\u00c0 l\u2019\u00e8re du d\u00e9veloppement des nouveaux outils de communication, il est n\u00e9cessaire de porter une attention particuli\u00e8re \u00e0 la protection de la vie priv\u00e9e. Aussi, le pr\u00e9sent engagement sur la protection des renseignements confidentiels a \u00e9t\u00e9 con\u00e7u pour vous aider \u00e0 comprendre le type de renseignement que nous recueillons, la fa\u00e7on dont nous les utilisons [&hellip;]","og_url":"https:\/\/valeriejose.com\/fr\/politique-de-confidentialite\/","og_site_name":"Val\u00e9rie Jos\u00e9","article_modified_time":"2024-02-20T16:31:16+00:00","og_image":[{"width":1896,"height":940,"url":"https:\/\/valeriejose.com\/wp-content\/uploads\/2024\/02\/valerie-poster.png","type":"image\/png"}],"twitter_card":"summary_large_image","twitter_misc":{"Dur\u00e9e de lecture estim\u00e9e":"5 minutes"},"schema":{"@context":"https:\/\/schema.org","@graph":[{"@type":"WebPage","@id":"https:\/\/valeriejose.com\/fr\/politique-de-confidentialite\/","url":"https:\/\/valeriejose.com\/fr\/politique-de-confidentialite\/","name":"Politique de confidentialit\u00e9 - Val\u00e9rie Jos\u00e9 - Courtier immobilier - eXp","isPartOf":{"@id":"https:\/\/valeriejose.com\/#website"},"datePublished":"2024-02-09T03:19:52+00:00","dateModified":"2024-02-20T16:31:16+00:00","inLanguage":"fr-FR","potentialAction":[{"@type":"ReadAction","target":["https:\/\/valeriejose.com\/fr\/politique-de-confidentialite\/"]}]},{"@type":"WebSite","@id":"https:\/\/valeriejose.com\/#website","url":"https:\/\/valeriejose.com\/","name":"Val\u00e9rie Jos\u00e9","description":"Courtier immobilier - eXp","potentialAction":[{"@type":"SearchAction","target":{"@type":"EntryPoint","urlTemplate":"https:\/\/valeriejose.com\/?s={search_term_string}"},"query-input":{"@type":"PropertyValueSpecification","valueRequired":true,"valueName":"search_term_string"}}],"inLanguage":"fr-FR"}]}},"_links":{"self":[{"href":"https:\/\/valeriejose.com\/fr\/wp-json\/wp\/v2\/pages\/220","targetHints":{"allow":["GET"]}}],"collection":[{"href":"https:\/\/valeriejose.com\/fr\/wp-json\/wp\/v2\/pages"}],"about":[{"href":"https:\/\/valeriejose.com\/fr\/wp-json\/wp\/v2\/types\/page"}],"author":[{"embeddable":true,"href":"https:\/\/valeriejose.com\/fr\/wp-json\/wp\/v2\/users\/7"}],"replies":[{"embeddable":true,"href":"https:\/\/valeriejose.com\/fr\/wp-json\/wp\/v2\/comments?post=220"}],"version-history":[{"count":5,"href":"https:\/\/valeriejose.com\/fr\/wp-json\/wp\/v2\/pages\/220\/revisions"}],"predecessor-version":[{"id":389,"href":"https:\/\/valeriejose.com\/fr\/wp-json\/wp\/v2\/pages\/220\/revisions\/389"}],"wp:attachment":[{"href":"https:\/\/valeriejose.com\/fr\/wp-json\/wp\/v2\/media?parent=220"}],"curies":[{"name":"wp","href":"https:\/\/api.w.org\/{rel}","templated":true}]}}