{"id":218,"date":"2024-02-09T04:42:43","date_gmt":"2024-02-09T04:42:43","guid":{"rendered":"https:\/\/valeriejose.com\/free-evaluation\/"},"modified":"2024-02-20T16:33:10","modified_gmt":"2024-02-20T16:33:10","slug":"evaluation-gratuite","status":"publish","type":"page","link":"https:\/\/valeriejose.com\/fr\/evaluation-gratuite\/","title":{"rendered":"\u00c9valuation gratuite"},"content":{"rendered":"","protected":false},"excerpt":{"rendered":"","protected":false},"author":7,"featured_media":0,"parent":0,"menu_order":0,"comment_status":"closed","ping_status":"closed","template":"template-evalution.php","meta":{"_acf_changed":false,"inline_featured_image":false,"footnotes":""},"class_list":["post-218","page","type-page","status-publish","hentry"],"acf":[],"yoast_head":"<!-- This site is optimized with the Yoast SEO plugin v26.2 - https:\/\/yoast.com\/wordpress\/plugins\/seo\/ -->\n<title>\u00c9valuation gratuite - Val\u00e9rie Jos\u00e9 - Courtier immobilier - eXp<\/title>\n<meta name=\"robots\" content=\"index, follow, max-snippet:-1, max-image-preview:large, max-video-preview:-1\" \/>\n<link rel=\"canonical\" href=\"https:\/\/valeriejose.com\/fr\/evaluation-gratuite\/\" \/>\n<meta property=\"og:locale\" content=\"fr_FR\" \/>\n<meta property=\"og:type\" content=\"article\" \/>\n<meta property=\"og:title\" content=\"\u00c9valuation gratuite - Val\u00e9rie Jos\u00e9 - Courtier immobilier - eXp\" \/>\n<meta property=\"og:url\" content=\"https:\/\/valeriejose.com\/fr\/evaluation-gratuite\/\" \/>\n<meta property=\"og:site_name\" content=\"Val\u00e9rie Jos\u00e9\" \/>\n<meta property=\"article:modified_time\" content=\"2024-02-20T16:33:10+00:00\" \/>\n<meta property=\"og:image\" content=\"https:\/\/valeriejose.com\/wp-content\/uploads\/2024\/02\/valerie-poster.png\" \/>\n\t<meta property=\"og:image:width\" content=\"1896\" \/>\n\t<meta property=\"og:image:height\" content=\"940\" \/>\n\t<meta property=\"og:image:type\" content=\"image\/png\" \/>\n<meta name=\"twitter:card\" content=\"summary_large_image\" \/>\n<script type=\"application\/ld+json\" class=\"yoast-schema-graph\">{\"@context\":\"https:\/\/schema.org\",\"@graph\":[{\"@type\":\"WebPage\",\"@id\":\"https:\/\/valeriejose.com\/fr\/evaluation-gratuite\/\",\"url\":\"https:\/\/valeriejose.com\/fr\/evaluation-gratuite\/\",\"name\":\"\u00c9valuation gratuite - Val\u00e9rie Jos\u00e9 - Courtier immobilier - eXp\",\"isPartOf\":{\"@id\":\"https:\/\/valeriejose.com\/#website\"},\"datePublished\":\"2024-02-09T04:42:43+00:00\",\"dateModified\":\"2024-02-20T16:33:10+00:00\",\"inLanguage\":\"fr-FR\",\"potentialAction\":[{\"@type\":\"ReadAction\",\"target\":[\"https:\/\/valeriejose.com\/fr\/evaluation-gratuite\/\"]}]},{\"@type\":\"WebSite\",\"@id\":\"https:\/\/valeriejose.com\/#website\",\"url\":\"https:\/\/valeriejose.com\/\",\"name\":\"Val\u00e9rie Jos\u00e9\",\"description\":\"Courtier immobilier - eXp\",\"potentialAction\":[{\"@type\":\"SearchAction\",\"target\":{\"@type\":\"EntryPoint\",\"urlTemplate\":\"https:\/\/valeriejose.com\/?s={search_term_string}\"},\"query-input\":{\"@type\":\"PropertyValueSpecification\",\"valueRequired\":true,\"valueName\":\"search_term_string\"}}],\"inLanguage\":\"fr-FR\"}]}<\/script>\n<!-- \/ Yoast SEO plugin. -->","yoast_head_json":{"title":"\u00c9valuation gratuite - Val\u00e9rie Jos\u00e9 - Courtier immobilier - eXp","robots":{"index":"index","follow":"follow","max-snippet":"max-snippet:-1","max-image-preview":"max-image-preview:large","max-video-preview":"max-video-preview:-1"},"canonical":"https:\/\/valeriejose.com\/fr\/evaluation-gratuite\/","og_locale":"fr_FR","og_type":"article","og_title":"\u00c9valuation gratuite - Val\u00e9rie Jos\u00e9 - Courtier immobilier - eXp","og_url":"https:\/\/valeriejose.com\/fr\/evaluation-gratuite\/","og_site_name":"Val\u00e9rie Jos\u00e9","article_modified_time":"2024-02-20T16:33:10+00:00","og_image":[{"width":1896,"height":940,"url":"https:\/\/valeriejose.com\/wp-content\/uploads\/2024\/02\/valerie-poster.png","type":"image\/png"}],"twitter_card":"summary_large_image","schema":{"@context":"https:\/\/schema.org","@graph":[{"@type":"WebPage","@id":"https:\/\/valeriejose.com\/fr\/evaluation-gratuite\/","url":"https:\/\/valeriejose.com\/fr\/evaluation-gratuite\/","name":"\u00c9valuation gratuite - Val\u00e9rie Jos\u00e9 - Courtier immobilier - eXp","isPartOf":{"@id":"https:\/\/valeriejose.com\/#website"},"datePublished":"2024-02-09T04:42:43+00:00","dateModified":"2024-02-20T16:33:10+00:00","inLanguage":"fr-FR","potentialAction":[{"@type":"ReadAction","target":["https:\/\/valeriejose.com\/fr\/evaluation-gratuite\/"]}]},{"@type":"WebSite","@id":"https:\/\/valeriejose.com\/#website","url":"https:\/\/valeriejose.com\/","name":"Val\u00e9rie Jos\u00e9","description":"Courtier immobilier - eXp","potentialAction":[{"@type":"SearchAction","target":{"@type":"EntryPoint","urlTemplate":"https:\/\/valeriejose.com\/?s={search_term_string}"},"query-input":{"@type":"PropertyValueSpecification","valueRequired":true,"valueName":"search_term_string"}}],"inLanguage":"fr-FR"}]}},"_links":{"self":[{"href":"https:\/\/valeriejose.com\/fr\/wp-json\/wp\/v2\/pages\/218","targetHints":{"allow":["GET"]}}],"collection":[{"href":"https:\/\/valeriejose.com\/fr\/wp-json\/wp\/v2\/pages"}],"about":[{"href":"https:\/\/valeriejose.com\/fr\/wp-json\/wp\/v2\/types\/page"}],"author":[{"embeddable":true,"href":"https:\/\/valeriejose.com\/fr\/wp-json\/wp\/v2\/users\/7"}],"replies":[{"embeddable":true,"href":"https:\/\/valeriejose.com\/fr\/wp-json\/wp\/v2\/comments?post=218"}],"version-history":[{"count":2,"href":"https:\/\/valeriejose.com\/fr\/wp-json\/wp\/v2\/pages\/218\/revisions"}],"predecessor-version":[{"id":224,"href":"https:\/\/valeriejose.com\/fr\/wp-json\/wp\/v2\/pages\/218\/revisions\/224"}],"wp:attachment":[{"href":"https:\/\/valeriejose.com\/fr\/wp-json\/wp\/v2\/media?parent=218"}],"curies":[{"name":"wp","href":"https:\/\/api.w.org\/{rel}","templated":true}]}}